{"id":3097,"date":"2013-08-11T19:22:53","date_gmt":"2013-08-11T19:22:53","guid":{"rendered":"http:\/\/mantatourguides.com\/contact-us\/"},"modified":"2024-08-05T20:34:41","modified_gmt":"2024-08-05T20:34:41","slug":"contactenos","status":"publish","type":"page","link":"https:\/\/mantatourguides.com\/es\/contactenos\/","title":{"rendered":"Cont\u00e1ctenos"},"content":{"rendered":"\n\t<section class=\"section\" id=\"section_1350344405\">\n\t\t<div class=\"bg section-bg fill bg-fill  bg-loaded\" >\n\n\t\t\t\n\t\t\t\n\t\t\t\n\n\t\t<\/div>\n\n\t\t\n\n\t\t<div class=\"section-content relative\">\n\t\t\t\n\n<div class=\"row row-collapse\"  id=\"row-244678861\">\n\n\n\t<div id=\"col-1111833866\" class=\"col large-12\"  >\n\t\t\t\t<div class=\"col-inner\"  >\n\t\t\t\n\t\t\t\n\n<h1>Excursiones y tours en Manta<\/h1>\n<p><iframe style=\"border: 0;\" src=\"https:\/\/www.google.com\/maps\/embed?pb=!1m18!1m12!1m3!1d31914.141660148172!2d-80.75055912472705!3d-0.9518953956101596!2m3!1f0!2f0!3f0!3m2!1i1024!2i768!4f13.1!3m3!1m2!1s0x0%3A0xe637c938522b9e06!2sManta+Tour+Guides+-+Shore+Excursion!5e0!3m2!1ses!2sec!4v1562947260125!5m2!1ses!2sec\" allowfullscreen=\"allowfullscreen\" width=\"1800\" height=\"450\" frameborder=\"0\"><\/iframe><\/p>\n<p>Ya sea que necesite ayuda con excursiones en tierra, excursiones de medio d\u00eda, de d\u00eda completo o viajes m\u00e1s largos, planificaci\u00f3n y reservas, podemos brindarle servicios de cualquiera de estas categor\u00edas:<\/p>\n<ul>\n<li>Operador tur\u00edstico<\/li>\n<li>Agencia de viajes<\/li>\n<li>Agencia de turismo<\/li>\n<li>Atracci\u00f3n tur\u00edstica<\/li>\n<\/ul>\n\n\t\t<\/div>\n\t\t\t\t\n<style>\n#col-1111833866 > .col-inner {\n  padding: 0px 0px 0px 0px;\n}\n<\/style>\n\t<\/div>\n\n\t\n\n<\/div>\n\n\t\t<\/div>\n\n\t\t\n<style>\n#section_1350344405 {\n  padding-top: 30px;\n  padding-bottom: 30px;\n}\n#section_1350344405 .ux-shape-divider--top svg {\n  height: 150px;\n  --divider-top-width: 100%;\n}\n#section_1350344405 .ux-shape-divider--bottom svg {\n  height: 150px;\n  --divider-width: 100%;\n}\n<\/style>\n\t<\/section>\n\t\n\t<section class=\"section\" id=\"section_616140478\">\n\t\t<div class=\"bg section-bg fill bg-fill  bg-loaded\" >\n\n\t\t\t\n\t\t\t\n\t\t\t\n\n\t\t<\/div>\n\n\t\t\n\n\t\t<div class=\"section-content relative\">\n\t\t\t\n\n<div class=\"row\"  id=\"row-1738981899\">\n\n\n\t<div id=\"col-1343490055\" class=\"col medium-6 small-12 large-6\"  >\n\t\t\t\t<div class=\"col-inner\"  >\n\t\t\t\n\t\t\t\n\n<h3>ESCR\u00cdBANOS A NOSOTROS Y RESPONDEREMOS LO MAS PRONTO LO POSIBLE<\/h3>\n<p><strong>O PRUEBE NUESTRO CHAT DIRECTO CON EL ICONO VERDE EN LA ESQUINA DERECHA DE LA P\u00c1GINA<\/strong><\/p>\n\t<div id=\"gap-712870030\" class=\"gap-element clearfix\" style=\"display:block; height:auto;\">\n\t\t\n<style>\n#gap-712870030 {\n  padding-top: 50px;\n}\n<\/style>\n\t<\/div>\n\t\n\n\n<div class=\"wpcf7 no-js\" id=\"wpcf7-f3125-o1\" lang=\"en-US\" dir=\"ltr\" data-wpcf7-id=\"3125\">\n<div class=\"screen-reader-response\"><p role=\"status\" aria-live=\"polite\" aria-atomic=\"true\"><\/p> <ul><\/ul><\/div>\n<form action=\"\/es\/wp-json\/wp\/v2\/pages\/3097#wpcf7-f3125-o1\" method=\"post\" class=\"wpcf7-form init\" aria-label=\"Contact form\" novalidate=\"novalidate\" data-status=\"init\">\n<fieldset class=\"hidden-fields-container\"><input type=\"hidden\" name=\"_wpcf7\" value=\"3125\" \/><input type=\"hidden\" name=\"_wpcf7_version\" value=\"6.1.5\" \/><input type=\"hidden\" name=\"_wpcf7_locale\" value=\"en_US\" \/><input type=\"hidden\" name=\"_wpcf7_unit_tag\" value=\"wpcf7-f3125-o1\" \/><input type=\"hidden\" name=\"_wpcf7_container_post\" value=\"0\" \/><input type=\"hidden\" name=\"_wpcf7_posted_data_hash\" value=\"\" \/><input type=\"hidden\" name=\"_wpcf7_recaptcha_response\" value=\"\" \/>\n<\/fieldset>\n<p><label> Nombre (*)<br \/>\n<span class=\"wpcf7-form-control-wrap\" data-name=\"your-name\"><input size=\"40\" maxlength=\"400\" class=\"wpcf7-form-control wpcf7-text wpcf7-validates-as-required\" aria-required=\"true\" aria-invalid=\"false\" value=\"\" type=\"text\" name=\"your-name\" \/><\/span> <\/label>\n<\/p>\n<p><label> Email (*)<br \/>\n<span class=\"wpcf7-form-control-wrap\" data-name=\"your-email\"><input size=\"40\" maxlength=\"400\" class=\"wpcf7-form-control wpcf7-email wpcf7-validates-as-required wpcf7-text wpcf7-validates-as-email\" aria-required=\"true\" aria-invalid=\"false\" value=\"\" type=\"email\" name=\"your-email\" \/><\/span> <\/label>\n<\/p>\n<p><label> Tel\u00e9fono (*)<br \/>\n<span class=\"wpcf7-form-control-wrap\" data-name=\"tel-477\"><input size=\"40\" maxlength=\"400\" class=\"wpcf7-form-control wpcf7-tel wpcf7-text wpcf7-validates-as-tel\" aria-invalid=\"false\" value=\"\" type=\"tel\" name=\"tel-477\" \/><\/span><\/label>\n<\/p>\n<p><label> Asunto<br \/>\n<span class=\"wpcf7-form-control-wrap\" data-name=\"your-subject\"><input size=\"40\" maxlength=\"400\" class=\"wpcf7-form-control wpcf7-text\" aria-invalid=\"false\" value=\"\" type=\"text\" name=\"your-subject\" \/><\/span> <\/label>\n<\/p>\n<p><label> Su mensaje<br \/>\n<span class=\"wpcf7-form-control-wrap\" data-name=\"your-message\"><textarea cols=\"40\" rows=\"10\" maxlength=\"2000\" class=\"wpcf7-form-control wpcf7-textarea\" aria-invalid=\"false\" name=\"your-message\"><\/textarea><\/span> <\/label>\n<\/p>\n<p><input class=\"wpcf7-form-control wpcf7-submit has-spinner\" type=\"submit\" value=\"Enviar\" \/>\n<\/p><div class=\"wpcf7-response-output\" aria-hidden=\"true\"><\/div>\n<\/form>\n<\/div>\n\n\n\n\t\t<\/div>\n\t\t\t\t\t<\/div>\n\n\t\n\n\t<div id=\"col-1412842488\" class=\"col medium-6 small-12 large-6\"  >\n\t\t\t\t<div class=\"col-inner\"  >\n\t\t\t\n\t\t\t\n\n<p><strong>Email:<\/strong>&nbsp; &nbsp; &nbsp; &nbsp; &nbsp; &nbsp; &nbsp; &nbsp; mantatourguides@gmail.com &#8211; mantatourguidesinfo@gmail.com<\/p>\n<p><strong>Phone number<\/strong>: <a href=\"tel:+593991450064\">(00593) 99 145 0064<\/a><\/p>\n<p><strong>Whatsapp:&nbsp;<\/strong> &nbsp; &nbsp; &nbsp; <a href=\"https:\/\/wa.me\/593992094719\" target=\"_blank\" rel=\"noopener\">(00593) 96 776 4029<\/a><\/p>\n<p><strong>Direcci\u00f3n:<\/strong>&nbsp; &nbsp; &nbsp; Edificio Arrecife, Piso 10 &#8211; D, Calle 26 Manta, Manabi 130213<\/p>\n<p><strong><a href=\"https:\/\/goo.gl\/maps\/39PzbdMkLLSZC9J68\" target=\"_blank\" rel=\"noopener\">Haga clic aqu\u00ed para obtener instrucciones de como llegar<\/a><\/strong><\/p>\n<p>Plus code:&nbsp; &nbsp; &nbsp;3746+HM Manta<\/p>\n<p><strong>Horarios de apertura<\/strong><\/p>\n<div class=\"IiXf4c \">\n<p>Lunes&nbsp; &nbsp; &nbsp; &nbsp; &nbsp; &nbsp; &nbsp;6:00 am\u20139:00 pm<\/p>\n<p>Martes&nbsp; &nbsp; &nbsp; &nbsp; &nbsp; &nbsp; 6:00 am\u20139:00 pm<\/p>\n<p>Mi\u00e9rcoles&nbsp; &nbsp; &nbsp; &nbsp; 6:00 am\u20139:00 pm<\/p>\n<p>Jueves&nbsp; &nbsp; &nbsp;6:00 am\u20139:00 pm<\/p>\n<p>Viernes&nbsp; &nbsp; &nbsp; &nbsp; &nbsp;6:00 am\u20139:00 pm<\/p>\n<p>S\u00e1bado&nbsp; &nbsp; &nbsp; &nbsp; &nbsp; &nbsp;6:00 am\u20139:00 pm<\/p>\n<p>Domingo&nbsp; &nbsp; &nbsp; &nbsp; &nbsp;6:00 am\u20139:00 pm<\/p>\n<\/div>\n\n\n\t\t<\/div>\n\t\t\t\t\t<\/div>\n\n\t\n\n<\/div>\n<div class=\"row\"  id=\"row-1363729290\">\n\n\n\t<div id=\"col-1994285652\" class=\"col medium-6 small-12 large-6\"  >\n\t\t\t\t<div class=\"col-inner\"  >\n\t\t\t\n\t\t\t\n\n<div class=\"video video-fit mb\" style=\"padding-top:56.25%;\"><iframe title=\"Shore excursion Tour Manta, Tour operator, Edificio Arrecife, Piso 10 - D, Calle 26 Manta\" width=\"1020\" height=\"574\" src=\"https:\/\/www.youtube.com\/embed\/TdR32g8yMUs?feature=oembed\" frameborder=\"0\" allow=\"accelerometer; autoplay; clipboard-write; encrypted-media; gyroscope; picture-in-picture\" allowfullscreen><\/iframe><\/div>\n\n\n\t\t<\/div>\n\t\t\t\t\t<\/div>\n\n\t\n\n\t<div id=\"col-2085250314\" class=\"col medium-6 small-12 large-6\"  >\n\t\t\t\t<div class=\"col-inner\"  >\n\t\t\t\n\t\t\t\n\n<h3>Opiniones sobre Manta Tour Guides en la web:<\/h3>\n<p><a href=\"https:\/\/g.page\/Shore-Excursion-MTG?share\"><strong>Google my business Reviews click aqu\u00ed.<\/strong><\/a><\/p>\n<p><a href=\"https:\/\/www.tripadvisor.com\/Attraction_Review-g297538-d17413853-Reviews-Manta_Tour_Guides-Manta_Manabi_Province.html?m=19905\" target=\"_blank\" rel=\"noopener\"><strong>Trip Advisor Reviews click aqu\u00ed.<\/strong><\/a><\/p>\n<p><a href=\"https:\/\/www.facebook.com\/login\/?next=https%3A%2F%2Fwww.facebook.com%2FMTG.SHORE.EXCURSIONS%2Freviews%2F\" target=\"_blank\" rel=\"noopener\"><strong>Facebook Reviews click aqu\u00ed.<\/strong><\/a><\/p>\n\n\t\t<\/div>\n\t\t\t\t\t<\/div>\n\n\t\n\n<\/div>\n\n\t\t<\/div>\n\n\t\t\n<style>\n#section_616140478 {\n  padding-top: 30px;\n  padding-bottom: 30px;\n}\n#section_616140478 .ux-shape-divider--top svg {\n  height: 150px;\n  --divider-top-width: 100%;\n}\n#section_616140478 .ux-shape-divider--bottom svg {\n  height: 150px;\n  --divider-width: 100%;\n}\n<\/style>\n\t<\/section>\n\t\n\n","protected":false},"excerpt":{"rendered":"","protected":false},"author":7,"featured_media":0,"parent":0,"menu_order":0,"comment_status":"closed","ping_status":"closed","template":"page-blank.php","meta":{"_joinchat":[],"footnotes":""},"class_list":["post-3097","page","type-page","status-publish","hentry"],"_links":{"self":[{"href":"https:\/\/mantatourguides.com\/es\/wp-json\/wp\/v2\/pages\/3097","targetHints":{"allow":["GET"]}}],"collection":[{"href":"https:\/\/mantatourguides.com\/es\/wp-json\/wp\/v2\/pages"}],"about":[{"href":"https:\/\/mantatourguides.com\/es\/wp-json\/wp\/v2\/types\/page"}],"author":[{"embeddable":true,"href":"https:\/\/mantatourguides.com\/es\/wp-json\/wp\/v2\/users\/7"}],"replies":[{"embeddable":true,"href":"https:\/\/mantatourguides.com\/es\/wp-json\/wp\/v2\/comments?post=3097"}],"version-history":[{"count":3,"href":"https:\/\/mantatourguides.com\/es\/wp-json\/wp\/v2\/pages\/3097\/revisions"}],"predecessor-version":[{"id":35378,"href":"https:\/\/mantatourguides.com\/es\/wp-json\/wp\/v2\/pages\/3097\/revisions\/35378"}],"wp:attachment":[{"href":"https:\/\/mantatourguides.com\/es\/wp-json\/wp\/v2\/media?parent=3097"}],"curies":[{"name":"wp","href":"https:\/\/api.w.org\/{rel}","templated":true}]}}